{"id":2121,"date":"2025-06-20T07:39:43","date_gmt":"2025-06-20T07:39:43","guid":{"rendered":"https:\/\/www.bergamojazz.org\/?page_id=2121"},"modified":"2025-09-12T12:57:35","modified_gmt":"2025-09-12T12:57:35","slug":"il-direttore-artistico","status":"publish","type":"page","link":"https:\/\/www.bergamojazz.org\/it\/il-festival\/il-direttore-artistico\/","title":{"rendered":"Il Direttore Artistico"},"content":{"rendered":"<div class=\"fusion-fullwidth fullwidth-box fusion-builder-row-1 fusion-flex-container has-pattern-background has-mask-background nonhundred-percent-fullwidth non-hundred-percent-height-scrolling\" style=\"--awb-border-radius-top-left:0px;--awb-border-radius-top-right:0px;--awb-border-radius-bottom-right:0px;--awb-border-radius-bottom-left:0px;--awb-padding-top:80px;--awb-padding-bottom:80px;--awb-background-color:#000000;--awb-flex-wrap:wrap;\" ><div class=\"fusion-builder-row fusion-row fusion-flex-align-items-flex-start fusion-flex-content-wrap\" style=\"max-width:1248px;margin-left: calc(-4% \/ 2 );margin-right: calc(-4% \/ 2 );\"><div class=\"fusion-layout-column fusion_builder_column fusion-builder-column-0 fusion_builder_column_1_1 1_1 fusion-flex-column\" style=\"--awb-bg-size:cover;--awb-width-large:100%;--awb-margin-top-large:0px;--awb-spacing-right-large:1.92%;--awb-margin-bottom-large:40px;--awb-spacing-left-large:1.92%;--awb-width-medium:100%;--awb-order-medium:0;--awb-spacing-right-medium:1.92%;--awb-spacing-left-medium:1.92%;--awb-width-small:100%;--awb-order-small:0;--awb-spacing-right-small:1.92%;--awb-spacing-left-small:1.92%;\" data-scroll-devices=\"small-visibility,medium-visibility,large-visibility\"><div class=\"fusion-column-wrapper fusion-column-has-shadow fusion-flex-justify-content-flex-start fusion-content-layout-column\"><div class=\"fusion-text fusion-text-1\" style=\"--awb-text-color:#ffffff;\"><p style=\"text-align: justify;\"><strong>Joe Lovano<\/strong> \u00e8 da decenni uno dei pi\u00f9 illustri protagonisti della scena jazzistica internazionale.<br \/>\n\u00c8 considerato uno dei massimi specialisti odierni del sax tenore, ma suona anche altri tipi di sassofoni, oltre a clarinetto, flauto e batteria.<br \/>\nCon alle spalle una vittoria ai Grammy Awards, gli Oscar dalla musica, e altre 14 nomination, ha vinto innumerevoli volte i sondaggi della critica e dei lettori di Down Beat Magazine come sassofonista tenore, musicista dell&#8217;anno, album dell&#8217;anno. Ha anche ricevuto numerosi premi da Jazz Times e dalla Jazz Journalists Association. Il mensile italiano Musica Jazz gli ha conferito il premio alla carriera nell\u2019ambito del referendum Top Jazz 2022.<\/p>\n<\/div><\/div><\/div><div class=\"fusion-layout-column fusion_builder_column fusion-builder-column-1 fusion_builder_column_1_2 1_2 fusion-flex-column\" style=\"--awb-bg-size:cover;--awb-width-large:50%;--awb-margin-top-large:0px;--awb-spacing-right-large:3.84%;--awb-margin-bottom-large:0px;--awb-spacing-left-large:3.84%;--awb-width-medium:50%;--awb-order-medium:0;--awb-spacing-right-medium:3.84%;--awb-spacing-left-medium:3.84%;--awb-width-small:100%;--awb-order-small:0;--awb-spacing-right-small:1.92%;--awb-spacing-left-small:1.92%;\" data-scroll-devices=\"small-visibility,medium-visibility,large-visibility\"><div class=\"fusion-column-wrapper fusion-column-has-shadow fusion-flex-justify-content-center fusion-content-layout-column\"><div class=\"fusion-image-element \" style=\"text-align:center;--awb-margin-bottom:20px;--awb-caption-title-font-family:var(--h2_typography-font-family);--awb-caption-title-font-weight:var(--h2_typography-font-weight);--awb-caption-title-font-style:var(--h2_typography-font-style);--awb-caption-title-size:var(--h2_typography-font-size);--awb-caption-title-transform:var(--h2_typography-text-transform);--awb-caption-title-line-height:var(--h2_typography-line-height);--awb-caption-title-letter-spacing:var(--h2_typography-letter-spacing);\"><span class=\" fusion-imageframe imageframe-none imageframe-1 hover-type-none\"><a href=\"https:\/\/www.bergamojazz.org\/wp-content\/uploads\/2025\/08\/LOVANOAC2B5300\u00a9Rossetti_FondazioneTeatroDonizetti-1024x683.webp\" class=\"fusion-lightbox\" data-rel=\"iLightbox[86e90809834b996d9b7]\" data-title=\"LOVANOAC2B5300\u00a9Rossetti_FondazioneTeatroDonizetti\" title=\"LOVANOAC2B5300\u00a9Rossetti_FondazioneTeatroDonizetti\"><img decoding=\"async\" width=\"1024\" height=\"683\" alt=\"Bergamo Jazz - Il Direttore Artistico - Joe Lovano\" src=\"https:\/\/www.bergamojazz.org\/wp-content\/uploads\/2025\/08\/LOVANOAC2B5300\u00a9Rossetti_FondazioneTeatroDonizetti.webp\" data-orig-src=\"https:\/\/www.bergamojazz.org\/wp-content\/uploads\/2025\/08\/LOVANOAC2B5300\u00a9Rossetti_FondazioneTeatroDonizetti-1024x683.webp\" class=\"lazyload img-responsive wp-image-4331\" srcset=\"data:image\/svg+xml,%3Csvg%20xmlns%3D%27http%3A%2F%2Fwww.w3.org%2F2000%2Fsvg%27%20width%3D%271080%27%20height%3D%27720%27%20viewBox%3D%270%200%201080%20720%27%3E%3Crect%20width%3D%271080%27%20height%3D%27720%27%20fill-opacity%3D%220%22%2F%3E%3C%2Fsvg%3E\" data-srcset=\"https:\/\/www.bergamojazz.org\/wp-content\/uploads\/2025\/08\/LOVANOAC2B5300\u00a9Rossetti_FondazioneTeatroDonizetti-200x133.webp 200w, https:\/\/www.bergamojazz.org\/wp-content\/uploads\/2025\/08\/LOVANOAC2B5300\u00a9Rossetti_FondazioneTeatroDonizetti-400x267.webp 400w, https:\/\/www.bergamojazz.org\/wp-content\/uploads\/2025\/08\/LOVANOAC2B5300\u00a9Rossetti_FondazioneTeatroDonizetti-600x400.webp 600w, https:\/\/www.bergamojazz.org\/wp-content\/uploads\/2025\/08\/LOVANOAC2B5300\u00a9Rossetti_FondazioneTeatroDonizetti-800x533.webp 800w, https:\/\/www.bergamojazz.org\/wp-content\/uploads\/2025\/08\/LOVANOAC2B5300\u00a9Rossetti_FondazioneTeatroDonizetti.webp 1080w\" data-sizes=\"auto\" data-orig-sizes=\"(max-width: 640px) 100vw, 600px\" \/><\/a><\/span><\/div><\/div><\/div><div class=\"fusion-layout-column fusion_builder_column fusion-builder-column-2 fusion_builder_column_1_2 1_2 fusion-flex-column\" style=\"--awb-bg-size:cover;--awb-width-large:50%;--awb-margin-top-large:0px;--awb-spacing-right-large:3.84%;--awb-margin-bottom-large:0px;--awb-spacing-left-large:3.84%;--awb-width-medium:50%;--awb-order-medium:0;--awb-spacing-right-medium:3.84%;--awb-spacing-left-medium:3.84%;--awb-width-small:100%;--awb-order-small:0;--awb-spacing-right-small:1.92%;--awb-spacing-left-small:1.92%;\" data-scroll-devices=\"small-visibility,medium-visibility,large-visibility\"><div class=\"fusion-column-wrapper fusion-column-has-shadow fusion-flex-justify-content-center fusion-content-layout-column\"><div class=\"fusion-image-element \" style=\"text-align:center;--awb-margin-bottom:20px;--awb-caption-title-font-family:var(--h2_typography-font-family);--awb-caption-title-font-weight:var(--h2_typography-font-weight);--awb-caption-title-font-style:var(--h2_typography-font-style);--awb-caption-title-size:var(--h2_typography-font-size);--awb-caption-title-transform:var(--h2_typography-text-transform);--awb-caption-title-line-height:var(--h2_typography-line-height);--awb-caption-title-letter-spacing:var(--h2_typography-letter-spacing);\"><span class=\" fusion-imageframe imageframe-none imageframe-2 hover-type-none\"><a href=\"https:\/\/www.bergamojazz.org\/wp-content\/uploads\/2025\/08\/4-LOVANO-\u00a9GIORGIACORTI088-1024x682.webp\" class=\"fusion-lightbox\" data-rel=\"iLightbox[b4dbe31e38ee70fd050]\" data-title=\"4-LOVANO-\u00a9GIORGIACORTI088\" title=\"4-LOVANO-\u00a9GIORGIACORTI088\"><img decoding=\"async\" width=\"1024\" height=\"682\" src=\"https:\/\/www.bergamojazz.org\/wp-content\/uploads\/2025\/08\/4-LOVANO-\u00a9GIORGIACORTI088.webp\" data-orig-src=\"https:\/\/www.bergamojazz.org\/wp-content\/uploads\/2025\/08\/4-LOVANO-\u00a9GIORGIACORTI088-1024x682.webp\" alt class=\"lazyload img-responsive wp-image-4329\" srcset=\"data:image\/svg+xml,%3Csvg%20xmlns%3D%27http%3A%2F%2Fwww.w3.org%2F2000%2Fsvg%27%20width%3D%271080%27%20height%3D%27719%27%20viewBox%3D%270%200%201080%20719%27%3E%3Crect%20width%3D%271080%27%20height%3D%27719%27%20fill-opacity%3D%220%22%2F%3E%3C%2Fsvg%3E\" data-srcset=\"https:\/\/www.bergamojazz.org\/wp-content\/uploads\/2025\/08\/4-LOVANO-\u00a9GIORGIACORTI088-200x133.webp 200w, https:\/\/www.bergamojazz.org\/wp-content\/uploads\/2025\/08\/4-LOVANO-\u00a9GIORGIACORTI088-400x266.webp 400w, https:\/\/www.bergamojazz.org\/wp-content\/uploads\/2025\/08\/4-LOVANO-\u00a9GIORGIACORTI088-600x399.webp 600w, https:\/\/www.bergamojazz.org\/wp-content\/uploads\/2025\/08\/4-LOVANO-\u00a9GIORGIACORTI088-800x533.webp 800w, https:\/\/www.bergamojazz.org\/wp-content\/uploads\/2025\/08\/4-LOVANO-\u00a9GIORGIACORTI088.webp 1080w\" data-sizes=\"auto\" data-orig-sizes=\"(max-width: 640px) 100vw, 600px\" \/><\/a><\/span><\/div><\/div><\/div><div class=\"fusion-layout-column fusion_builder_column fusion-builder-column-3 fusion_builder_column_1_1 1_1 fusion-flex-column\" style=\"--awb-bg-size:cover;--awb-width-large:100%;--awb-margin-top-large:40px;--awb-spacing-right-large:1.92%;--awb-margin-bottom-large:0px;--awb-spacing-left-large:1.92%;--awb-width-medium:100%;--awb-order-medium:0;--awb-spacing-right-medium:1.92%;--awb-spacing-left-medium:1.92%;--awb-width-small:100%;--awb-order-small:0;--awb-spacing-right-small:1.92%;--awb-spacing-left-small:1.92%;\" data-scroll-devices=\"small-visibility,medium-visibility,large-visibility\"><div class=\"fusion-column-wrapper fusion-column-has-shadow fusion-flex-justify-content-flex-start fusion-content-layout-column\"><div class=\"fusion-text fusion-text-2\" style=\"--awb-text-color:#ffffff;\"><p style=\"text-align: justify;\">Nome completo Joseph Salvatore Lovano, nato a Cleveland, Ohio, il 29 dicembre 1952 da una famiglia di origini siciliane (i nonni, sia paterni che materni, emigrarono negli Stati Uniti dalla provincia di Messina), si \u00e8 avvicinato alla musica e al jazz in particolare grazie al padre Tony &#8220;Big T&#8221; Lovano, che gli insegn\u00f2 i primi rudimenti del sassofono. Successivamente, dopo essersi diplomato alla Euclid High School nel 1971, si \u00e8 iscritto al Berklee College of Music di Boston, dove ha studiato con Herb Pomeroy e Gary Burton, e dove nel 1998 gli \u00e8 stato conferito un dottorato honoris causa.<\/p>\n<p style=\"text-align: justify;\">I suoi primi ingaggi professionali significativi risalgono agli anni Settanta, quando inizia a suonare nei gruppi degli organisti Jack McDuff e Lonnie Smith e, in seguito, nelle orchestre di Woody Herman e del batterista Mel Lewis. Negli anni Ottanta il suo stile sassofonistico, inizialmente influenzato da quello di John Coltrane, \u00e8 al centro di una sensibile maturazione, in parallelo con la militanza nel quintetto e nel trio del batterista Paul Motian, nonch\u00e9 con le prime incisioni nelle vesti di leader (il primo album a suo nome, <em>Tone, Shapes and Colors<\/em>, \u00e8 del 1985). Significativa di quegli anni \u00e8 anche la partnership con il chitarrista John Scofield, insieme al quale Joe Lovano registra alcuni dischi per lo storico marchio discografico Blue Note, con il quale lo stesso sassofonista realizzer\u00e0 poi diversi importanti progetti discografici.<\/p>\n<p style=\"text-align: justify;\">Tra gli album incisi per la Blue Note spiccano: <em>From the Soul <\/em>(con Michel Petrucciani al pianoforte), <em>Rush Hour, Celebrating Sinatra<\/em>, omaggio a The Voice, <em>Viva Caruso<\/em>, tributo all\u2019arte di Enrico Caruso, e <em>52nd Street Themes <\/em>che nel 2001 gli ha permesso di conquistarsi un Grammy Award per il miglior \u201cBest Large Jazz Ensemble Album\u201d.<\/p>\n<p style=\"text-align: justify;\">Nel 2018 Joe Lovano ha iniziato a registrare con regolarit\u00e0 per ECM, altro prestigiosissimo marchio discografico. Per l\u2019etichetta tedesca ha inciso album con il suo trio Tapestry, formato insieme alla pianista Marilyn Crispell e al batterista Carmen Castaldi, con il polacco Marcin Wasilewski Trio, con Enrico Rava e con il chitarrista danese Jakob Bro. Di recente ha anche costituito un quintetto insieme al trombettista Dave Douglas, denominato Sound Prints, con il quale ha registrato tre dischi. Inoltre, il compositore Mark Anthony Turnage ha scritto per Joe Lovano un Concerto per sassofono e orchestra da camera intitolato &#8220;A Man Descending&#8221;, che \u00e8 stato eseguito in tutto il mondo.<\/p>\n<p style=\"text-align: justify;\">A testimonianza della sua costante vitalit\u00e0 artistica, del desiderio di misurarsi con contesti diversi, Joe Lovano ha dato vita nel 2024 a una nuovissima formazione, il Paramount Quartet, comprendente il chitarrista Julian Lage, uno dei nomi nuovi della chitarra jazz, il contrabbassista Santi Debriano e il batterista Will Calhoun, ex componente dei Living Colour.<\/p>\n<p style=\"text-align: justify;\">Molto attivo anche sul fronte della didattica musicale, Joe Lovano ha insegnato al Berklee College of Music ed \u00e8 spesso docente ospite presso il Jazz Program della New York University, la Juilliard e la Manhattan School of Music, nonch\u00e9 invitato da universit\u00e0 di tutto il mondo. Dal 2009 \u00e8 membro della facolt\u00e0 del Global Jazz Institute at Berklee diretto da Danilo P\u00e9rez.<\/p>\n<p style=\"text-align: justify;\">Joe Lovano \u00e8 stato pi\u00f9 volte ospite di Bergamo Jazz: nel 1991, in qualit\u00e0 di componente del quartetto di John Scofield; nel 1994 con un proprio quartetto; nel 1995 con il progetto \u201cBroadway Music\u201d di Paul Motian; nel 1998 in trio con Bill Frisell e Paul Motian; nel 2001 quale special guest del trio del pianista giapponese Yosuke Yamashita; nel 2016 con il suo Classic Quartet.<\/p>\n<p style=\"text-align: justify;\">Nel 2024, al suo primo anno di direzione artistica di Bergamo Jazz, Joe Lovano si \u00e8 unito a sorpresa al gruppo di John Scofield e al duo Emanuele Cisi\/Salvatore Bonafede, offrendo cos\u00ec inaspettate performance molto gradite dal pubblico.<\/p>\n<\/div><\/div><\/div><\/div><\/div>\n","protected":false},"excerpt":{"rendered":"","protected":false},"author":1,"featured_media":0,"parent":2301,"menu_order":0,"comment_status":"closed","ping_status":"closed","template":"100-width.php","meta":{"footnotes":""},"class_list":["post-2121","page","type-page","status-publish","hentry"],"yoast_head":"<!-- This site is optimized with the Yoast SEO plugin v26.9 - https:\/\/yoast.com\/product\/yoast-seo-wordpress\/ -->\n<title>Il Direttore Artistico - Bergamo Jazz Festival<\/title>\n<meta name=\"robots\" content=\"index, follow, max-snippet:-1, max-image-preview:large, max-video-preview:-1\" \/>\n<link rel=\"canonical\" href=\"https:\/\/www.bergamojazz.org\/it\/il-festival\/il-direttore-artistico\/\" \/>\n<meta property=\"og:locale\" content=\"it_IT\" \/>\n<meta property=\"og:type\" content=\"article\" \/>\n<meta property=\"og:title\" content=\"Il Direttore Artistico - Bergamo Jazz Festival\" \/>\n<meta property=\"og:url\" content=\"https:\/\/www.bergamojazz.org\/it\/il-festival\/il-direttore-artistico\/\" \/>\n<meta property=\"og:site_name\" content=\"Bergamo Jazz Festival\" \/>\n<meta property=\"article:modified_time\" content=\"2025-09-12T12:57:35+00:00\" \/>\n<meta name=\"twitter:card\" content=\"summary_large_image\" \/>\n<meta name=\"twitter:label1\" content=\"Tempo di lettura stimato\" \/>\n\t<meta name=\"twitter:data1\" content=\"21 minuti\" \/>\n<script type=\"application\/ld+json\" class=\"yoast-schema-graph\">{\"@context\":\"https:\/\/schema.org\",\"@graph\":[{\"@type\":\"WebPage\",\"@id\":\"https:\/\/www.bergamojazz.org\/it\/il-festival\/il-direttore-artistico\/\",\"url\":\"https:\/\/www.bergamojazz.org\/it\/il-festival\/il-direttore-artistico\/\",\"name\":\"Il Direttore Artistico - Bergamo Jazz Festival\",\"isPartOf\":{\"@id\":\"https:\/\/www.bergamojazz.org\/it\/#website\"},\"datePublished\":\"2025-06-20T07:39:43+00:00\",\"dateModified\":\"2025-09-12T12:57:35+00:00\",\"breadcrumb\":{\"@id\":\"https:\/\/www.bergamojazz.org\/it\/il-festival\/il-direttore-artistico\/#breadcrumb\"},\"inLanguage\":\"it-IT\",\"potentialAction\":[{\"@type\":\"ReadAction\",\"target\":[\"https:\/\/www.bergamojazz.org\/it\/il-festival\/il-direttore-artistico\/\"]}]},{\"@type\":\"BreadcrumbList\",\"@id\":\"https:\/\/www.bergamojazz.org\/it\/il-festival\/il-direttore-artistico\/#breadcrumb\",\"itemListElement\":[{\"@type\":\"ListItem\",\"position\":1,\"name\":\"Home\",\"item\":\"https:\/\/www.bergamojazz.org\/it\/\"},{\"@type\":\"ListItem\",\"position\":2,\"name\":\"Il Festival\",\"item\":\"https:\/\/www.bergamojazz.org\/it\/il-festival\/\"},{\"@type\":\"ListItem\",\"position\":3,\"name\":\"Il Direttore Artistico\"}]},{\"@type\":\"WebSite\",\"@id\":\"https:\/\/www.bergamojazz.org\/it\/#website\",\"url\":\"https:\/\/www.bergamojazz.org\/it\/\",\"name\":\"Bergamo Jazz Festival\",\"description\":\"Bergamo Jazz Festival\",\"potentialAction\":[{\"@type\":\"SearchAction\",\"target\":{\"@type\":\"EntryPoint\",\"urlTemplate\":\"https:\/\/www.bergamojazz.org\/it\/?s={search_term_string}\"},\"query-input\":{\"@type\":\"PropertyValueSpecification\",\"valueRequired\":true,\"valueName\":\"search_term_string\"}}],\"inLanguage\":\"it-IT\"}]}<\/script>\n<!-- \/ Yoast SEO plugin. -->","yoast_head_json":{"title":"Il Direttore Artistico - Bergamo Jazz Festival","robots":{"index":"index","follow":"follow","max-snippet":"max-snippet:-1","max-image-preview":"max-image-preview:large","max-video-preview":"max-video-preview:-1"},"canonical":"https:\/\/www.bergamojazz.org\/it\/il-festival\/il-direttore-artistico\/","og_locale":"it_IT","og_type":"article","og_title":"Il Direttore Artistico - Bergamo Jazz Festival","og_url":"https:\/\/www.bergamojazz.org\/it\/il-festival\/il-direttore-artistico\/","og_site_name":"Bergamo Jazz Festival","article_modified_time":"2025-09-12T12:57:35+00:00","twitter_card":"summary_large_image","twitter_misc":{"Tempo di lettura stimato":"21 minuti"},"schema":{"@context":"https:\/\/schema.org","@graph":[{"@type":"WebPage","@id":"https:\/\/www.bergamojazz.org\/it\/il-festival\/il-direttore-artistico\/","url":"https:\/\/www.bergamojazz.org\/it\/il-festival\/il-direttore-artistico\/","name":"Il Direttore Artistico - Bergamo Jazz Festival","isPartOf":{"@id":"https:\/\/www.bergamojazz.org\/it\/#website"},"datePublished":"2025-06-20T07:39:43+00:00","dateModified":"2025-09-12T12:57:35+00:00","breadcrumb":{"@id":"https:\/\/www.bergamojazz.org\/it\/il-festival\/il-direttore-artistico\/#breadcrumb"},"inLanguage":"it-IT","potentialAction":[{"@type":"ReadAction","target":["https:\/\/www.bergamojazz.org\/it\/il-festival\/il-direttore-artistico\/"]}]},{"@type":"BreadcrumbList","@id":"https:\/\/www.bergamojazz.org\/it\/il-festival\/il-direttore-artistico\/#breadcrumb","itemListElement":[{"@type":"ListItem","position":1,"name":"Home","item":"https:\/\/www.bergamojazz.org\/it\/"},{"@type":"ListItem","position":2,"name":"Il Festival","item":"https:\/\/www.bergamojazz.org\/it\/il-festival\/"},{"@type":"ListItem","position":3,"name":"Il Direttore Artistico"}]},{"@type":"WebSite","@id":"https:\/\/www.bergamojazz.org\/it\/#website","url":"https:\/\/www.bergamojazz.org\/it\/","name":"Bergamo Jazz Festival","description":"Bergamo Jazz Festival","potentialAction":[{"@type":"SearchAction","target":{"@type":"EntryPoint","urlTemplate":"https:\/\/www.bergamojazz.org\/it\/?s={search_term_string}"},"query-input":{"@type":"PropertyValueSpecification","valueRequired":true,"valueName":"search_term_string"}}],"inLanguage":"it-IT"}]}},"_links":{"self":[{"href":"https:\/\/www.bergamojazz.org\/it\/wp-json\/wp\/v2\/pages\/2121","targetHints":{"allow":["GET"]}}],"collection":[{"href":"https:\/\/www.bergamojazz.org\/it\/wp-json\/wp\/v2\/pages"}],"about":[{"href":"https:\/\/www.bergamojazz.org\/it\/wp-json\/wp\/v2\/types\/page"}],"author":[{"embeddable":true,"href":"https:\/\/www.bergamojazz.org\/it\/wp-json\/wp\/v2\/users\/1"}],"replies":[{"embeddable":true,"href":"https:\/\/www.bergamojazz.org\/it\/wp-json\/wp\/v2\/comments?post=2121"}],"version-history":[{"count":0,"href":"https:\/\/www.bergamojazz.org\/it\/wp-json\/wp\/v2\/pages\/2121\/revisions"}],"up":[{"embeddable":true,"href":"https:\/\/www.bergamojazz.org\/it\/wp-json\/wp\/v2\/pages\/2301"}],"wp:attachment":[{"href":"https:\/\/www.bergamojazz.org\/it\/wp-json\/wp\/v2\/media?parent=2121"}],"curies":[{"name":"wp","href":"https:\/\/api.w.org\/{rel}","templated":true}]}}